{"id":14,"date":"2023-11-10T22:00:08","date_gmt":"2023-11-10T22:00:08","guid":{"rendered":"https:\/\/preview.utpparts.com\/?page_id=14"},"modified":"2025-07-29T21:54:46","modified_gmt":"2025-07-29T21:54:46","slug":"pt6-nozzles","status":"publish","type":"page","link":"https:\/\/www.tennairco.com\/es\/pt6-nozzles\/","title":{"rendered":"Boquillas PT6"},"content":{"rendered":"<div class=\"wp-block-stackable-columns alignfull stk-block-columns stk-block stk-b145ae8 stk-block-background stk--has-background-overlay\" data-block-id=\"b145ae8\"><style>.stk-b145ae8 .stk--block-align-b145ae8{align-items:center !important;}.stk-b145ae8 {background-color:var(--theme-palette-color-7, #a9cbd8) !important;background-position:top center !important;background-repeat:no-repeat !important;background-size:cover !important;min-height:375px !important;align-items:center !important;padding-top:150px !important;margin-top:-200px !important;margin-bottom:0px !important;display:flex !important;}.stk-b145ae8:before{background-color:var(--theme-palette-color-7, #a9cbd8) !important;opacity:0 !important;}<\/style><div class=\"stk-row stk-inner-blocks has-text-align-center stk--block-align-b145ae8 stk-block-content stk-content-align stk-b145ae8-column\">\n<div class=\"wp-block-stackable-column stk-block-column stk-column stk-block stk-a863b43\" data-v=\"4\" data-block-id=\"a863b43\"><div class=\"stk-column-wrapper stk-block-column__content stk-container stk-a863b43-container stk--no-background stk--no-padding\"><div class=\"stk-block-content stk-inner-blocks stk-a863b43-inner-blocks\">\n<div class=\"wp-block-stackable-heading stk-block-heading stk-block-heading--v2 stk-block stk-48203a0\" id=\"pratt-amp-whitney-pt-6-a-fuel-nozzle\" data-block-id=\"48203a0\"><style>.stk-48203a0 {margin-top:0px !important;margin-bottom:15px !important;}.stk-48203a0 .stk-block-heading__text{font-size:68px !important;color:var(--theme-palette-color-4, #16314b) !important;line-height:1.1em !important;font-weight:bold !important;}@media screen and (max-width:999px){.stk-48203a0 .stk-block-heading__text{font-size:50px !important;}}<\/style><h1 class=\"stk-block-heading__text has-text-color\">Boquillas de combustible Pratt &amp; Whitney PT6<\/h1><\/div>\n<\/div><\/div><\/div>\n<\/div><video class=\"stk-video-background\" autoplay muted loop playsinline src=\"https:\/\/www.tennairco.com\/wp-content\/uploads\/2024\/10\/sky-2.mp4\" poster=\"\"><\/video><\/div>\n\n\n\n<div class=\"wp-block-stackable-columns alignfull stk-block-columns stk-block stk-8e8ebc2 stk-block-background stk--has-background-overlay\" data-block-id=\"8e8ebc2\"><style>.stk-8e8ebc2 {background-color:var(--theme-palette-color-8, #ffffff) !important;background-image:url(https:\/\/www.tennairco.com\/wp-content\/uploads\/2024\/10\/nozzle-2-header.jpg) !important;min-height:400px !important;align-items:center !important;padding-top:3em !important;padding-bottom:3em !important;margin-bottom:0px !important;display:flex !important;}.stk-8e8ebc2:before{background-color:var(--theme-palette-color-8, #ffffff) !important;opacity:0.3 !important;}.stk-8e8ebc2-column{--stk-column-gap:70px !important;}<\/style><div class=\"stk-row stk-inner-blocks stk-block-content stk-content-align stk-8e8ebc2-column\">\n<div class=\"wp-block-stackable-column stk-block-column stk-column stk-block stk-ee87a55\" data-v=\"4\" data-block-id=\"ee87a55\"><style>.stk-ee87a55 {align-self:center !important;}<\/style><div class=\"stk-column-wrapper stk-block-column__content stk-container stk-ee87a55-container stk--no-background stk--no-padding\"><div class=\"stk-block-content stk-inner-blocks stk-ee87a55-inner-blocks\">\n<div class=\"wp-block-stackable-heading stk-block-heading stk-block-heading--v2 stk-block stk-1759ed3\" id=\"in-stock-and-ready-to-ship\" data-block-id=\"1759ed3\"><h2 class=\"stk-block-heading__text has-text-align-center\">Disponibles y listos para enviar!<\/h2><\/div>\n\n\n\n<h2 class=\"wp-block-heading has-text-align-center has-palette-color-4-color has-text-color has-link-color wp-elements-be2398c36903d95dea257ece9273c76e\" style=\"font-size:clamp(16.293px, 1.018rem + ((1vw - 3.2px) * 0.68), 25px);\"><strong>Ll\u00e1manos: <a href=\"tel:615-758-5005\" data-type=\"tel\" data-id=\"tel:334-361-7853\">615.758.5005<\/a><\/strong><\/h2>\n<\/div><\/div><\/div>\n<\/div><\/div>\n\n\n\n<div style=\"height:50px\" aria-hidden=\"true\" class=\"wp-block-spacer\"><\/div>\n\n\n\n<div class=\"wp-block-stackable-columns stk-block-columns stk-block stk-fbadc62\" data-block-id=\"fbadc62\"><style>.stk-fbadc62-column{--stk-column-gap:70px !important;}<\/style><div class=\"stk-row stk-inner-blocks stk-block-content stk-content-align stk-fbadc62-column\">\n<div class=\"wp-block-stackable-column stk-block-column stk-column stk-block stk-1e99ef7\" data-v=\"4\" data-block-id=\"1e99ef7\"><style>.stk-1e99ef7-container{margin-top:0px !important;margin-right:0px !important;margin-bottom:0px !important;margin-left:0px !important;}.stk-1e99ef7 {padding-top:0px !important;padding-right:0px !important;padding-bottom:0px !important;padding-left:0px !important;margin-top:0px !important;margin-right:0px !important;margin-bottom:0px !important;margin-left:0px !important;}@media screen and (min-width:690px){.stk-1e99ef7 {flex:var(--stk-flex-grow, 1) 1 calc(52.6% - var(--stk-column-gap, 0px) * 1 \/ 2 ) !important;}}<\/style><div class=\"stk-column-wrapper stk-block-column__content stk-container stk-1e99ef7-container stk--no-background stk--no-padding\"><div class=\"stk-block-content stk-inner-blocks stk-1e99ef7-inner-blocks\">\n<div class=\"wp-block-stackable-heading stk-block-heading stk-block-heading--v2 stk-block stk-b3d41fd\" id=\"strong-available-pt-6-fuel-nozzles-strong\" data-block-id=\"b3d41fd\"><style>.stk-b3d41fd {margin-bottom:20px !important;}.stk-b3d41fd .stk-block-heading__text{font-size:2.5rem !important;color:var(--theme-palette-color-1, #405270) !important;}@media screen and (max-width:999px){.stk-b3d41fd .stk-block-heading__text{font-size:2.5rem !important;}}<\/style><h3 class=\"stk-block-heading__text has-text-color has-text-align-center\"><strong>Boquillas de combustible PT6 disponibles<\/strong><\/h3><\/div>\n\n\n\n<figure class=\"wp-block-image alignfull size-full\"><img loading=\"lazy\" decoding=\"async\" width=\"1080\" height=\"720\" src=\"https:\/\/www.tennairco.com\/wp-content\/uploads\/2024\/10\/pt6-nozzles.jpg\" alt=\"\" class=\"wp-image-827\" srcset=\"https:\/\/www.tennairco.com\/wp-content\/uploads\/2024\/10\/pt6-nozzles.jpg 1080w, https:\/\/www.tennairco.com\/wp-content\/uploads\/2024\/10\/pt6-nozzles-300x200.jpg 300w, https:\/\/www.tennairco.com\/wp-content\/uploads\/2024\/10\/pt6-nozzles-1024x683.jpg 1024w, https:\/\/www.tennairco.com\/wp-content\/uploads\/2024\/10\/pt6-nozzles-768x512.jpg 768w, https:\/\/www.tennairco.com\/wp-content\/uploads\/2024\/10\/pt6-nozzles-18x12.jpg 18w\" sizes=\"auto, (max-width: 1080px) 100vw, 1080px\" \/><\/figure>\n<\/div><\/div><\/div>\n\n\n\n<div class=\"wp-block-stackable-column stk-block-column stk-column stk-block stk-e014743 stk-block-background\" data-v=\"4\" data-block-id=\"e014743\"><style>.stk-e014743 {background-color:#7dd7df24 !important;align-items:center !important;display:flex !important;}.stk-e014743:before{background-color:#7dd7df24 !important;}@media screen and (min-width:690px){.stk-e014743 {flex:var(--stk-flex-grow, 1) 1 calc(47.4% - var(--stk-column-gap, 0px) * 1 \/ 2 ) !important;}}<\/style><div class=\"stk-column-wrapper stk-block-column__content stk-container stk-e014743-container stk--no-background stk--no-padding\"><div class=\"stk-block-content stk-inner-blocks stk-e014743-inner-blocks\">\n<div class=\"wp-block-stackable-columns stk-block-columns stk-block stk-502f83c\" data-block-id=\"502f83c\"><div class=\"stk-row stk-inner-blocks stk-block-content stk-content-align stk-502f83c-column\">\n<div class=\"wp-block-stackable-column stk-block-column stk-column stk-block stk-3ecb3a0\" data-v=\"4\" data-block-id=\"3ecb3a0\"><div class=\"stk-column-wrapper stk-block-column__content stk-container stk-3ecb3a0-container stk--no-background stk--no-padding\"><div class=\"stk-block-content stk-inner-blocks stk-3ecb3a0-inner-blocks\">\n<h5 class=\"wp-block-heading\">PT6A S\u00edmplex<\/h5>\n\n\n\n<p><em><strong>Revisi\u00f3n y cambios disponibles<\/strong><\/em><\/p>\n\n\n\n<ul class=\"wp-block-list\">\n<li>-6\/A\/B<\/li>\n\n\n\n<li>-10<\/li>\n\n\n\n<li>-11 \/AG<\/li>\n\n\n\n<li>-15AG<\/li>\n\n\n\n<li>-20\/A\/B<\/li>\n\n\n\n<li>-21<\/li>\n\n\n\n<li>-27<\/li>\n\n\n\n<li>-28<\/li>\n\n\n\n<li>-34\/AG\/B<\/li>\n\n\n\n<li>-36 \/ARAVA\/HAYA<\/li>\n\n\n\n<li>-38<\/li>\n\n\n\n<li>-41 \/AG<\/li>\n\n\n\n<li>-42<\/li>\n\n\n\n<li>-45 A\/B\/R<\/li>\n\n\n\n<li>-50<\/li>\n\n\n\n<li>-60 \/AG<\/li>\n\n\n\n<li>-61<\/li>\n\n\n\n<li>-65 \/AR\/AG\/B<\/li>\n\n\n\n<li>-110<\/li>\n\n\n\n<li>-114 \/A<\/li>\n\n\n\n<li>-116<\/li>\n<\/ul>\n<\/div><\/div><\/div>\n\n\n\n<div class=\"wp-block-stackable-column stk-block-column stk-column stk-block stk-588a5c3\" data-v=\"4\" data-block-id=\"588a5c3\"><div class=\"stk-column-wrapper stk-block-column__content stk-container stk-588a5c3-container stk--no-background stk--no-padding\"><div class=\"stk-block-content stk-inner-blocks stk-588a5c3-inner-blocks\">\n<h5 class=\"wp-block-heading\">PT6A D\u00faplex<\/h5>\n\n\n\n<p><em><strong>Revisi\u00f3n disponible<\/strong><\/em><\/p>\n\n\n\n<ul class=\"wp-block-list\">\n<li>-140 \/ A \/ AG<\/li>\n\n\n\n<li>-64<\/li>\n\n\n\n<li>-65AG\/AR\/B\/R\/SC<\/li>\n\n\n\n<li>-66 \/ A \/ B \/ D<\/li>\n\n\n\n<li>-67 \/ A \/ AF \/ AG \/ B \/ D \/ F \/ P \/ R \/ T<\/li>\n\n\n\n<li>-68 \/ B \/ C \/ D \/ T<\/li>\n<\/ul>\n\n\n\n<p><\/p>\n\n\n\n<div class=\"wp-block-stackable-icon-list stk-block-icon-list stk-block stk-9cd44ce\" data-block-id=\"9cd44ce\"><svg style=\"display:none\"><defs><g id=\"stk-icon-list__icon-svg-def-9cd44ce\"><svg xmlns=\"http:\/\/www.w3.org\/2000\/svg\" viewbox=\"0 0 384 512\"><path d=\"M377 105L279.1 7c-4.5-4.5-10.6-7-17-7H256v128h128v-6.1c0-6.3-2.5-12.4-7-16.9zm-153 31V0H24C10.7 0 0 10.7 0 24v464c0 13.3 10.7 24 24 24h336c13.3 0 24-10.7 24-24V160H248c-13.2 0-24-10.8-24-24zM64 72c0-4.42 3.58-8 8-8h80c4.42 0 8 3.58 8 8v16c0 4.42-3.58 8-8 8H72c-4.42 0-8-3.58-8-8V72zm0 80v-16c0-4.42 3.58-8 8-8h80c4.42 0 8 3.58 8 8v16c0 4.42-3.58 8-8 8H72c-4.42 0-8-3.58-8-8zm144 263.88V440c0 4.42-3.58 8-8 8h-16c-4.42 0-8-3.58-8-8v-24.29c-11.29-.58-22.27-4.52-31.37-11.35-3.9-2.93-4.1-8.77-.57-12.14l11.75-11.21c2.77-2.64 6.89-2.76 10.13-.73 3.87 2.42 8.26 3.72 12.82 3.72h28.11c6.5 0 11.8-5.92 11.8-13.19 0-5.95-3.61-11.19-8.77-12.73l-45-13.5c-18.59-5.58-31.58-23.42-31.58-43.39 0-24.52 19.05-44.44 42.67-45.07V232c0-4.42 3.58-8 8-8h16c4.42 0 8 3.58 8 8v24.29c11.29.58 22.27 4.51 31.37 11.35 3.9 2.93 4.1 8.77.57 12.14l-11.75 11.21c-2.77 2.64-6.89 2.76-10.13.73-3.87-2.43-8.26-3.72-12.82-3.72h-28.11c-6.5 0-11.8 5.92-11.8 13.19 0 5.95 3.61 11.19 8.77 12.73l45 13.5c18.59 5.58 31.58 23.42 31.58 43.39 0 24.53-19.05 44.44-42.67 45.07z\"\/><\/svg><\/g><\/defs><\/svg><ul class=\"stk-block-icon-list__ul stk-block-icon-list--column\">\n<li class=\"wp-block-stackable-icon-list-item stk-block-icon-list-item stk-block stk-b5fd40a\" data-block-id=\"b5fd40a\"><div class=\"stk-block-icon-list-item__content\"><span class=\"stk--svg-wrapper\"><div class=\"stk--inner-svg\"><svg aria-hidden=\"true\" width=\"32\" height=\"32\"><use xlink:href=\"#stk-icon-list__icon-svg-def-9cd44ce\"><\/use><\/svg><\/div><\/span><span class=\"stk-block-icon-list-item__text\"><a href=\"https:\/\/www.tennairco.com\/wp-content\/uploads\/2025\/07\/PT6A-Duplex-Pricing.pdf\" data-type=\"link\" data-id=\"https:\/\/www.tennairco.com\/wp-content\/uploads\/2025\/07\/PT6A-Duplex-Pricing.pdf\">Precios del d\u00faplex PT6A<\/a><\/span><\/div><\/li>\n<\/ul><\/div>\n\n\n\n<div style=\"height:50px\" aria-hidden=\"true\" class=\"wp-block-spacer\"><\/div>\n<\/div><\/div><\/div>\n<\/div><\/div>\n<\/div><\/div><\/div>\n<\/div><\/div>\n\n\n\n<div style=\"height:63px\" aria-hidden=\"true\" class=\"wp-block-spacer\"><\/div>\n\n\n\n<div class=\"wp-block-stackable-button-group aligncenter stk-block-button-group stk-block stk-ccb9068\" data-block-id=\"ccb9068\"><style>.stk-ccb9068 .stk-button-group{align-items:center !important;}.stk-ccb9068 {margin-bottom:25px !important;display:flex !important;}<\/style><div class=\"stk-row stk-inner-blocks has-text-align-center stk-block-content stk-button-group\">\n<div class=\"wp-block-stackable-button stk-block-button has-text-align-center stk-block stk-c2f121a\" data-block-id=\"c2f121a\"><style>.stk-c2f121a .stk-button{background:var(--theme-palette-color-6, #fca311) !important;}.stk-c2f121a .stk-button:hover:after{background:var(--theme-palette-color-2, #00509d) !important;opacity:1 !important;}.stk-c2f121a .stk-button__inner-text{color:var(--theme-palette-color-4, #160034) !important;}.stk-c2f121a .stk-button:hover .stk-button__inner-text{color:var(--theme-palette-color-8, #ffffff) !important;}<\/style><a class=\"stk-link stk-button stk--hover-effect-lift\" href=\"https:\/\/www.tennairco.com\/es\/contact\/#form\"><span class=\"has-text-color stk-button__inner-text\">Ponerse en contacto<\/span><\/a><\/div>\n<\/div><\/div>\n\n\n\n<div style=\"height:63px\" aria-hidden=\"true\" class=\"wp-block-spacer\"><\/div>","protected":false},"excerpt":{"rendered":"<p>Boquillas de combustible Pratt &amp; Whitney PT6 \u00a1En existencia y listas para enviar! Ll\u00e1menos: 615.758.5005 Boquillas de combustible PT6 disponibles Revisi\u00f3n y cambios simples PT6A disponibles Revisi\u00f3n d\u00faplex PT6A disponible P\u00f3ngase en contacto con nosotros<\/p>","protected":false},"author":1,"featured_media":0,"parent":0,"menu_order":0,"comment_status":"closed","ping_status":"closed","template":"","meta":{"footnotes":""},"class_list":["post-14","page","type-page","status-publish","hentry"],"blocksy_meta":[],"_links":{"self":[{"href":"https:\/\/www.tennairco.com\/es\/wp-json\/wp\/v2\/pages\/14","targetHints":{"allow":["GET"]}}],"collection":[{"href":"https:\/\/www.tennairco.com\/es\/wp-json\/wp\/v2\/pages"}],"about":[{"href":"https:\/\/www.tennairco.com\/es\/wp-json\/wp\/v2\/types\/page"}],"author":[{"embeddable":true,"href":"https:\/\/www.tennairco.com\/es\/wp-json\/wp\/v2\/users\/1"}],"replies":[{"embeddable":true,"href":"https:\/\/www.tennairco.com\/es\/wp-json\/wp\/v2\/comments?post=14"}],"version-history":[{"count":31,"href":"https:\/\/www.tennairco.com\/es\/wp-json\/wp\/v2\/pages\/14\/revisions"}],"predecessor-version":[{"id":1067,"href":"https:\/\/www.tennairco.com\/es\/wp-json\/wp\/v2\/pages\/14\/revisions\/1067"}],"wp:attachment":[{"href":"https:\/\/www.tennairco.com\/es\/wp-json\/wp\/v2\/media?parent=14"}],"curies":[{"name":"gracias","href":"https:\/\/api.w.org\/{rel}","templated":true}]}}